{"id":8,"date":"2016-03-15T11:11:31","date_gmt":"2016-03-15T11:11:31","guid":{"rendered":"https:\/\/demos.famethemes.com\/passionate\/?page_id=8"},"modified":"2020-01-15T16:35:46","modified_gmt":"2020-01-15T16:35:46","slug":"responsive-design","status":"publish","type":"page","link":"https:\/\/dynamicconsulting.com.br\/empresa\/responsive-design\/","title":{"rendered":"Constitui\u00e7\u00e3o de empresas"},"content":{"rendered":"<p style=\"text-align: justify;\">Muitos neg\u00f3cios come\u00e7am informalmente ou apenas como projetos. Independentemente do caso, em algum momento a abertura de empresa de maneira formal se faz necess\u00e1ria para que as atividades possam ser desenvolvidas sem haver transtornos com os \u00f3rg\u00e3os p\u00fablicos.<\/p>\n<p style=\"text-align: justify;\">Todo esse processo inclui uma s\u00e9rie de etapas. E elas precisam ser seguidas na ordem e corretamente para que a legaliza\u00e7\u00e3o n\u00e3o se torne um empecilho ao empreendimento.<br \/>\nA abertura de uma empresa \u00e9 bem complexa, no \u00e2mbito geral, mas com o aux\u00edlio potencializador da contabilidade, se torna algo pr\u00e1tico e tem maiores chances de garantir sobreviv\u00eancia.<\/p>\n<p style=\"text-align: justify;\">As ideias s\u00e3o o primeiro ponto de partida, mas n\u00e3o bastam. \u00c9 preciso que todos os detalhes da empresa estejam documentados para o melhor aproveitamento dos recursos que ser\u00e3o disponibilizados.<\/p>\n<p style=\"text-align: justify;\">(verscontabilidade.com.br \/ contabnet.com.br)<\/p>\n","protected":false},"excerpt":{"rendered":"<p>Muitos neg\u00f3cios come\u00e7am informalmente ou apenas como projetos. Independentemente do caso, em algum momento a abertura de empresa de maneira formal se faz necess\u00e1ria para que as atividades possam ser desenvolvidas sem haver transtornos com os \u00f3rg\u00e3os p\u00fablicos. Todo esse processo inclui uma s\u00e9rie de etapas. E elas precisam ser seguidas na ordem e corretamente [&hellip;]<\/p>\n","protected":false},"author":3,"featured_media":16,"parent":0,"menu_order":0,"comment_status":"closed","ping_status":"closed","template":"","meta":[],"_links":{"self":[{"href":"https:\/\/dynamicconsulting.com.br\/empresa\/wp-json\/wp\/v2\/pages\/8"}],"collection":[{"href":"https:\/\/dynamicconsulting.com.br\/empresa\/wp-json\/wp\/v2\/pages"}],"about":[{"href":"https:\/\/dynamicconsulting.com.br\/empresa\/wp-json\/wp\/v2\/types\/page"}],"author":[{"embeddable":true,"href":"https:\/\/dynamicconsulting.com.br\/empresa\/wp-json\/wp\/v2\/users\/3"}],"replies":[{"embeddable":true,"href":"https:\/\/dynamicconsulting.com.br\/empresa\/wp-json\/wp\/v2\/comments?post=8"}],"version-history":[{"count":2,"href":"https:\/\/dynamicconsulting.com.br\/empresa\/wp-json\/wp\/v2\/pages\/8\/revisions"}],"predecessor-version":[{"id":268,"href":"https:\/\/dynamicconsulting.com.br\/empresa\/wp-json\/wp\/v2\/pages\/8\/revisions\/268"}],"wp:featuredmedia":[{"embeddable":true,"href":"https:\/\/dynamicconsulting.com.br\/empresa\/wp-json\/wp\/v2\/media\/16"}],"wp:attachment":[{"href":"https:\/\/dynamicconsulting.com.br\/empresa\/wp-json\/wp\/v2\/media?parent=8"}],"curies":[{"name":"wp","href":"https:\/\/api.w.org\/{rel}","templated":true}]}}