{"id":44,"date":"2016-03-15T14:26:38","date_gmt":"2016-03-15T14:26:38","guid":{"rendered":"https:\/\/demos.famethemes.com\/passionate\/?page_id=44"},"modified":"2020-01-17T13:26:11","modified_gmt":"2020-01-17T13:26:11","slug":"book-pen","status":"publish","type":"page","link":"https:\/\/dynamicconsulting.com.br\/empresa\/book-pen\/","title":{"rendered":"Tabelas Pr\u00e1ticas"},"content":{"rendered":"<p>Tabelas<br \/>\n&#8211; Tabela INSS 2020<br \/>\n&#8211; Tabela IRRF 2020<br \/>\n&#8211; Downloads dos arquivos da Tabela TIPI<br \/>\n&#8211; Calend\u00e1rio de pagamentos das restitui\u00e7\u00f5es do Imposto de Renda<br \/>\n&#8211; C\u00f3digos de Recolhimento do INSS<br \/>\n&#8211; C\u00f3digo Nacional de Atividades Econ\u00f4micas<br \/>\n&#8211; Tabelas de Incid\u00eancia INSS\/FGTS\/IRRF<br \/>\n&#8211; Al\u00edquota Efetiva &#8211; IRPF<br \/>\n&#8211; Tabela FPS e Al\u00edquota RAT<br \/>\n&#8211; C\u00f3digo Fiscal de Opera\u00e7\u00f5es e Presta\u00e7\u00f5es (CFOP)<br \/>\n&#8211; Tabela de Correla\u00e7\u00e3o CST x CSOSN-CRT<br \/>\n&#8211; Tabela CST \u2013 PIS e COFINS<\/p>\n<p>Trabalhista<br \/>\n&#8211; FGTS &#8211; Al\u00edquotas e incid\u00eancia<br \/>\n&#8211; Tabela de Multas e Infra\u00e7\u00f5es na Legisla\u00e7\u00e3o Trabalhista<br \/>\n&#8211; Sal\u00e1rio M\u00ednimo 2020<br \/>\n&#8211; S\u00e1l\u00e1rio M\u00ednimo 2020 &#8211; Regi\u00f5es<\/p>\n<p>Recolhimento em atraso<br \/>\n&#8211; Tabela Mensal &#8211; Taxa de Juros SELIC<br \/>\n&#8211; Tabela de Coeficiente SEFIP<br \/>\n&#8211; Tabela Mensal &#8211; Taxa de Juros de Longo Prazo<\/p>\n<p>Documentos Cont\u00e1beis &#8211; Classifica\u00e7\u00e3o, Organiza\u00e7\u00e3o e Prazos de Guarda<br \/>\n&#8211; Documentos Cont\u00e1beis e Documentos Legais<\/p>\n<p>Fiscal<br \/>\n&#8211; Anexos do Simples Nacional<\/p>\n<h4><span style=\"color: #ff0000;\"><a style=\"color: #ff0000;\" href=\"https:\/\/sitecontabil.com.br\/tabelas_praticas\" target=\"_blank\" rel=\"noopener noreferrer\">Clique aqui para acessar!<\/a><\/span><\/h4>\n","protected":false},"excerpt":{"rendered":"<p>Tabelas &#8211; Tabela INSS 2020 &#8211; Tabela IRRF 2020 &#8211; Downloads dos arquivos da Tabela TIPI &#8211; Calend\u00e1rio de pagamentos das restitui\u00e7\u00f5es do Imposto de Renda &#8211; C\u00f3digos de Recolhimento do INSS &#8211; C\u00f3digo Nacional de Atividades Econ\u00f4micas &#8211; Tabelas de Incid\u00eancia INSS\/FGTS\/IRRF &#8211; Al\u00edquota Efetiva &#8211; IRPF &#8211; Tabela FPS e Al\u00edquota RAT &#8211; [&hellip;]<\/p>\n","protected":false},"author":3,"featured_media":306,"parent":0,"menu_order":0,"comment_status":"closed","ping_status":"closed","template":"","meta":[],"_links":{"self":[{"href":"https:\/\/dynamicconsulting.com.br\/empresa\/wp-json\/wp\/v2\/pages\/44"}],"collection":[{"href":"https:\/\/dynamicconsulting.com.br\/empresa\/wp-json\/wp\/v2\/pages"}],"about":[{"href":"https:\/\/dynamicconsulting.com.br\/empresa\/wp-json\/wp\/v2\/types\/page"}],"author":[{"embeddable":true,"href":"https:\/\/dynamicconsulting.com.br\/empresa\/wp-json\/wp\/v2\/users\/3"}],"replies":[{"embeddable":true,"href":"https:\/\/dynamicconsulting.com.br\/empresa\/wp-json\/wp\/v2\/comments?post=44"}],"version-history":[{"count":5,"href":"https:\/\/dynamicconsulting.com.br\/empresa\/wp-json\/wp\/v2\/pages\/44\/revisions"}],"predecessor-version":[{"id":289,"href":"https:\/\/dynamicconsulting.com.br\/empresa\/wp-json\/wp\/v2\/pages\/44\/revisions\/289"}],"wp:featuredmedia":[{"embeddable":true,"href":"https:\/\/dynamicconsulting.com.br\/empresa\/wp-json\/wp\/v2\/media\/306"}],"wp:attachment":[{"href":"https:\/\/dynamicconsulting.com.br\/empresa\/wp-json\/wp\/v2\/media?parent=44"}],"curies":[{"name":"wp","href":"https:\/\/api.w.org\/{rel}","templated":true}]}}