{"id":42,"date":"2016-03-15T14:24:56","date_gmt":"2016-03-15T14:24:56","guid":{"rendered":"https:\/\/demos.famethemes.com\/passionate\/?page_id=42"},"modified":"2020-01-17T13:24:42","modified_gmt":"2020-01-17T13:24:42","slug":"flag-of-britain","status":"publish","type":"page","link":"https:\/\/dynamicconsulting.com.br\/empresa\/flag-of-britain\/","title":{"rendered":"Cart\u00f3rio 24h"},"content":{"rendered":"<p style=\"text-align: justify;\">O Cart\u00f3rio 24 Horas \u00e9 um produto lan\u00e7ado em 2003, somos pioneiros na presta\u00e7\u00e3o de servi\u00e7os de solicita\u00e7\u00e3o e entrega de certid\u00f5es, com experi\u00eancia de mais de 10 anos. Temos como objetivo o compromisso de disponibilizar a solicita\u00e7\u00e3o e a entrega de certid\u00f5es em todo o Brasil, de forma f\u00e1cil e segura.<\/p>\n<p style=\"text-align: justify;\">Para sustentar a qualidade dos servi\u00e7os prestados, dispomos de infraestrutura tecnol\u00f3gica que garantem integridade, confidencialidade e inviolabilidade das certid\u00f5es e informa\u00e7\u00f5es envolvidas.<\/p>\n<p style=\"text-align: justify;\">O produto Cart\u00f3rio 24 Horas \u00ae, no m\u00eas de maio de 2007, foi agraciado com o Pr\u00eamio Philips de Simplicidade.<\/p>\n<p><a href=\"https:\/\/www.cartorio24horas.com.br\/\" target=\"_blank\" rel=\"noopener noreferrer\">Acesse aqui!&nbsp;<\/a><\/p>\n","protected":false},"excerpt":{"rendered":"<p>O Cart\u00f3rio 24 Horas \u00e9 um produto lan\u00e7ado em 2003, somos pioneiros na presta\u00e7\u00e3o de servi\u00e7os de solicita\u00e7\u00e3o e entrega de certid\u00f5es, com experi\u00eancia de mais de 10 anos. Temos como objetivo o compromisso de disponibilizar a solicita\u00e7\u00e3o e a entrega de certid\u00f5es em todo o Brasil, de forma f\u00e1cil e segura. Para sustentar a [&hellip;]<\/p>\n","protected":false},"author":3,"featured_media":304,"parent":0,"menu_order":0,"comment_status":"closed","ping_status":"closed","template":"","meta":[],"_links":{"self":[{"href":"https:\/\/dynamicconsulting.com.br\/empresa\/wp-json\/wp\/v2\/pages\/42"}],"collection":[{"href":"https:\/\/dynamicconsulting.com.br\/empresa\/wp-json\/wp\/v2\/pages"}],"about":[{"href":"https:\/\/dynamicconsulting.com.br\/empresa\/wp-json\/wp\/v2\/types\/page"}],"author":[{"embeddable":true,"href":"https:\/\/dynamicconsulting.com.br\/empresa\/wp-json\/wp\/v2\/users\/3"}],"replies":[{"embeddable":true,"href":"https:\/\/dynamicconsulting.com.br\/empresa\/wp-json\/wp\/v2\/comments?post=42"}],"version-history":[{"count":5,"href":"https:\/\/dynamicconsulting.com.br\/empresa\/wp-json\/wp\/v2\/pages\/42\/revisions"}],"predecessor-version":[{"id":305,"href":"https:\/\/dynamicconsulting.com.br\/empresa\/wp-json\/wp\/v2\/pages\/42\/revisions\/305"}],"wp:featuredmedia":[{"embeddable":true,"href":"https:\/\/dynamicconsulting.com.br\/empresa\/wp-json\/wp\/v2\/media\/304"}],"wp:attachment":[{"href":"https:\/\/dynamicconsulting.com.br\/empresa\/wp-json\/wp\/v2\/media?parent=42"}],"curies":[{"name":"wp","href":"https:\/\/api.w.org\/{rel}","templated":true}]}}