{"id":27,"date":"2016-03-15T11:17:13","date_gmt":"2016-03-15T11:17:13","guid":{"rendered":"https:\/\/demos.famethemes.com\/passionate\/?page_id=27"},"modified":"2020-01-15T16:49:13","modified_gmt":"2020-01-15T16:49:13","slug":"dedicatedsupport","status":"publish","type":"page","link":"https:\/\/dynamicconsulting.com.br\/empresa\/dedicatedsupport\/","title":{"rendered":"Gest\u00e3o Fiscal e Tribut\u00e1ria"},"content":{"rendered":"<p style=\"text-align: justify;\">\u00c1rea respons\u00e1vel principalmente pela gest\u00e3o dos aspectos tribut\u00e1rios de uma empresa, que busca controlar e acompanhar diretamente todas as atividades que possuem liga\u00e7\u00e3o direta com os tributos, a fim de realizar a adequa\u00e7\u00e3o e otimizar o planejamento tribut\u00e1rio.<\/p>\n<p style=\"text-align: justify;\">Isso inclui acompanhamento e intera\u00e7\u00e3o com outros departamentos, visto que outras \u00e1reas tamb\u00e9m possuem rotinas que interferem nas quest\u00f5es fiscais da empresa, o que faz com que o foco da gest\u00e3o fiscal n\u00e3o deva estar apenas na \u00e1rea respons\u00e1vel pelos impostos.<\/p>\n<p style=\"text-align: justify;\">Por que ela \u00e9 t\u00e3o importante para as empresas?<br \/>\nAl\u00e9m de proporcionar informa\u00e7\u00f5es mais assertivas para que os gestores definam suas metas e planejamentos, a gest\u00e3o fiscal auxilia na otimiza\u00e7\u00e3o do recolhimento dos tributos, garante a regularidade da empresa perante o Fisco e ainda contribui para que a margem de lucro possa ser maior, por meio do recolhimento adequado dos impostos.<\/p>\n<p style=\"text-align: justify;\">Ou seja, do momento em que a empresa \u00e9 aberta, da defini\u00e7\u00e3o do regime tribut\u00e1rio at\u00e9 a realiza\u00e7\u00e3o de suas opera\u00e7\u00f5es rotineiras, \u00e9 a boa gest\u00e3o fiscal que vai garantir bons resultados e encontrar maneiras de maximiz\u00e1-los.<\/p>\n<p>(verscontabilidade.com.br)<\/p>\n","protected":false},"excerpt":{"rendered":"<p>\u00c1rea respons\u00e1vel principalmente pela gest\u00e3o dos aspectos tribut\u00e1rios de uma empresa, que busca controlar e acompanhar diretamente todas as atividades que possuem liga\u00e7\u00e3o direta com os tributos, a fim de realizar a adequa\u00e7\u00e3o e otimizar o planejamento tribut\u00e1rio. Isso inclui acompanhamento e intera\u00e7\u00e3o com outros departamentos, visto que outras \u00e1reas tamb\u00e9m possuem rotinas que interferem [&hellip;]<\/p>\n","protected":false},"author":3,"featured_media":272,"parent":0,"menu_order":0,"comment_status":"closed","ping_status":"closed","template":"","meta":[],"_links":{"self":[{"href":"https:\/\/dynamicconsulting.com.br\/empresa\/wp-json\/wp\/v2\/pages\/27"}],"collection":[{"href":"https:\/\/dynamicconsulting.com.br\/empresa\/wp-json\/wp\/v2\/pages"}],"about":[{"href":"https:\/\/dynamicconsulting.com.br\/empresa\/wp-json\/wp\/v2\/types\/page"}],"author":[{"embeddable":true,"href":"https:\/\/dynamicconsulting.com.br\/empresa\/wp-json\/wp\/v2\/users\/3"}],"replies":[{"embeddable":true,"href":"https:\/\/dynamicconsulting.com.br\/empresa\/wp-json\/wp\/v2\/comments?post=27"}],"version-history":[{"count":3,"href":"https:\/\/dynamicconsulting.com.br\/empresa\/wp-json\/wp\/v2\/pages\/27\/revisions"}],"predecessor-version":[{"id":273,"href":"https:\/\/dynamicconsulting.com.br\/empresa\/wp-json\/wp\/v2\/pages\/27\/revisions\/273"}],"wp:featuredmedia":[{"embeddable":true,"href":"https:\/\/dynamicconsulting.com.br\/empresa\/wp-json\/wp\/v2\/media\/272"}],"wp:attachment":[{"href":"https:\/\/dynamicconsulting.com.br\/empresa\/wp-json\/wp\/v2\/media?parent=27"}],"curies":[{"name":"wp","href":"https:\/\/api.w.org\/{rel}","templated":true}]}}