{"id":142,"date":"2016-03-16T10:13:08","date_gmt":"2016-03-16T10:13:08","guid":{"rendered":"https:\/\/demos.famethemes.com\/passionate\/?page_id=142"},"modified":"2020-01-15T19:33:53","modified_gmt":"2020-01-15T19:33:53","slug":"level-1","status":"publish","type":"page","link":"https:\/\/dynamicconsulting.com.br\/empresa\/level-1\/","title":{"rendered":"Nossos servi\u00e7os"},"content":{"rendered":"<h4><strong>CONTABILIDADE E SERVI\u00c7OS EMPRESARIAIS:<\/strong><\/h4>\n<p>&#8211; Processamento das informa\u00e7\u00f5es cont\u00e1beis, de forma digital;<\/p>\n<p>&#8211; Emiss\u00e3o de relat\u00f3rios cont\u00e1beis e gerenciais;<\/p>\n<p>&#8211; Planejamento tribut\u00e1rio;<\/p>\n<p>&#8211; Registro e controle do LALUR;<\/p>\n<p>&#8211; Atualiza\u00e7\u00e3o cont\u00e1bil e registro de Balan\u00e7o de Abertura;<\/p>\n<p>&#8211; Constitui\u00e7\u00f5es de empresas e altera\u00e7\u00f5es contratuais;<\/p>\n<p>&#8211; Consultoria empresarial, etc.<\/p>\n<h4><strong>GEST\u00c3O DE RECURSOS HUMANOS (RH):<\/strong><\/h4>\n<p>&#8211; Gest\u00e3o das rotinas de RH, como admiss\u00f5es, demiss\u00f5es, folhas de pagamento, f\u00e9rias, etc;<\/p>\n<p>&#8211; Gest\u00e3o dos aspectos relacionados ao E-Social;<\/p>\n<p>&#8211; Prepara\u00e7\u00e3o dos informes mensais e anuais;<\/p>\n<p>&#8211; Atendimento a fiscaliza\u00e7\u00f5es trabalhistas;<\/p>\n<p>&#8211; Consultoria em RH, etc.<\/p>\n<h4><strong>GEST\u00c3O FISCAL E TRIBUT\u00c1RIA:<\/strong><\/h4>\n<p>&#8211; Processamento digital das informa\u00e7\u00f5es fiscais de entrada, sa\u00edda e apura\u00e7\u00e3o dos tributos;<\/p>\n<p>&#8211; Operacionaliza\u00e7\u00e3o dos registros via SPED \u2013 Sistema P\u00fablico de Escritura\u00e7\u00e3o Digital;<\/p>\n<p>&#8211; Elabora\u00e7\u00e3o das demais obriga\u00e7\u00f5es acess\u00f3rias tribut\u00e1rias de \u00e2mbito federal, estadual e municipal;<\/p>\n<p>&#8211; Gera\u00e7\u00e3o digital dos tributos a pagar, federais, estaduais e municipais;<\/p>\n<p>&#8211; Atendimento a fiscaliza\u00e7\u00f5es tribut\u00e1rias;<\/p>\n<p>&#8211; Impugna\u00e7\u00f5es administrativas de autos de infra\u00e7\u00f5es tribut\u00e1rios;<\/p>\n<p>&#8211; Consultoria fiscal e tribut\u00e1ria.<\/p>\n","protected":false},"excerpt":{"rendered":"<p>CONTABILIDADE E SERVI\u00c7OS EMPRESARIAIS: &#8211; Processamento das informa\u00e7\u00f5es cont\u00e1beis, de forma digital; &#8211; Emiss\u00e3o de relat\u00f3rios cont\u00e1beis e gerenciais; &#8211; Planejamento tribut\u00e1rio; &#8211; Registro e controle do LALUR; &#8211; Atualiza\u00e7\u00e3o cont\u00e1bil e registro de Balan\u00e7o de Abertura; &#8211; Constitui\u00e7\u00f5es de empresas e altera\u00e7\u00f5es contratuais; &#8211; Consultoria empresarial, etc. GEST\u00c3O DE RECURSOS HUMANOS (RH): &#8211; Gest\u00e3o [&hellip;]<\/p>\n","protected":false},"author":3,"featured_media":0,"parent":0,"menu_order":0,"comment_status":"closed","ping_status":"closed","template":"","meta":[],"_links":{"self":[{"href":"https:\/\/dynamicconsulting.com.br\/empresa\/wp-json\/wp\/v2\/pages\/142"}],"collection":[{"href":"https:\/\/dynamicconsulting.com.br\/empresa\/wp-json\/wp\/v2\/pages"}],"about":[{"href":"https:\/\/dynamicconsulting.com.br\/empresa\/wp-json\/wp\/v2\/types\/page"}],"author":[{"embeddable":true,"href":"https:\/\/dynamicconsulting.com.br\/empresa\/wp-json\/wp\/v2\/users\/3"}],"replies":[{"embeddable":true,"href":"https:\/\/dynamicconsulting.com.br\/empresa\/wp-json\/wp\/v2\/comments?post=142"}],"version-history":[{"count":3,"href":"https:\/\/dynamicconsulting.com.br\/empresa\/wp-json\/wp\/v2\/pages\/142\/revisions"}],"predecessor-version":[{"id":302,"href":"https:\/\/dynamicconsulting.com.br\/empresa\/wp-json\/wp\/v2\/pages\/142\/revisions\/302"}],"wp:attachment":[{"href":"https:\/\/dynamicconsulting.com.br\/empresa\/wp-json\/wp\/v2\/media?parent=142"}],"curies":[{"name":"wp","href":"https:\/\/api.w.org\/{rel}","templated":true}]}}