{"id":12,"date":"2016-03-15T11:14:18","date_gmt":"2016-03-15T11:14:18","guid":{"rendered":"https:\/\/demos.famethemes.com\/passionate\/?page_id=12"},"modified":"2020-01-15T16:19:28","modified_gmt":"2020-01-15T16:19:28","slug":"theme-customizer","status":"publish","type":"page","link":"https:\/\/dynamicconsulting.com.br\/empresa\/theme-customizer\/","title":{"rendered":"Contabilidade Empresarial"},"content":{"rendered":"<p style=\"text-align: justify;\">A contabilidade empresarial envolve a soma de atividades e instrumentos cont\u00e1beis direcionados ao \u00e2mbito empresarial, ou seja, \u00e0s rotinas profissionais dentro das organiza\u00e7\u00f5es. Ela inclui processos fiscais, tribut\u00e1rios, previdenci\u00e1rios, legais e entendimento das legisla\u00e7\u00f5es comerciais necess\u00e1rias para o funcionamento das corpora\u00e7\u00f5es.<\/p>\n<p style=\"text-align: justify;\">Basicamente, a contabilidade empresarial engloba os processos cont\u00e1beis orientados para manter uma empresa funcionando de forma regularizada junto ao governo. Al\u00e9m disso, ela tamb\u00e9m fornece relat\u00f3rios, an\u00e1lises e estudos para que os gestores entendam melhor os aspectos econ\u00f4micos do neg\u00f3cio. Assim, ela permite aos gestores basearem suas a\u00e7\u00f5es e decis\u00f5es em crit\u00e9rios racionais, o que garante a eles agirem com maior seguran\u00e7a e efic\u00e1cia na sua tomada de decis\u00e3o.<\/p>\n<p>(blbbrasil.com.br)<\/p>\n","protected":false},"excerpt":{"rendered":"<p>A contabilidade empresarial envolve a soma de atividades e instrumentos cont\u00e1beis direcionados ao \u00e2mbito empresarial, ou seja, \u00e0s rotinas profissionais dentro das organiza\u00e7\u00f5es. Ela inclui processos fiscais, tribut\u00e1rios, previdenci\u00e1rios, legais e entendimento das legisla\u00e7\u00f5es comerciais necess\u00e1rias para o funcionamento das corpora\u00e7\u00f5es. Basicamente, a contabilidade empresarial engloba os processos cont\u00e1beis orientados para manter uma empresa funcionando [&hellip;]<\/p>\n","protected":false},"author":3,"featured_media":15,"parent":0,"menu_order":0,"comment_status":"closed","ping_status":"closed","template":"","meta":[],"_links":{"self":[{"href":"https:\/\/dynamicconsulting.com.br\/empresa\/wp-json\/wp\/v2\/pages\/12"}],"collection":[{"href":"https:\/\/dynamicconsulting.com.br\/empresa\/wp-json\/wp\/v2\/pages"}],"about":[{"href":"https:\/\/dynamicconsulting.com.br\/empresa\/wp-json\/wp\/v2\/types\/page"}],"author":[{"embeddable":true,"href":"https:\/\/dynamicconsulting.com.br\/empresa\/wp-json\/wp\/v2\/users\/3"}],"replies":[{"embeddable":true,"href":"https:\/\/dynamicconsulting.com.br\/empresa\/wp-json\/wp\/v2\/comments?post=12"}],"version-history":[{"count":2,"href":"https:\/\/dynamicconsulting.com.br\/empresa\/wp-json\/wp\/v2\/pages\/12\/revisions"}],"predecessor-version":[{"id":264,"href":"https:\/\/dynamicconsulting.com.br\/empresa\/wp-json\/wp\/v2\/pages\/12\/revisions\/264"}],"wp:featuredmedia":[{"embeddable":true,"href":"https:\/\/dynamicconsulting.com.br\/empresa\/wp-json\/wp\/v2\/media\/15"}],"wp:attachment":[{"href":"https:\/\/dynamicconsulting.com.br\/empresa\/wp-json\/wp\/v2\/media?parent=12"}],"curies":[{"name":"wp","href":"https:\/\/api.w.org\/{rel}","templated":true}]}}