{"id":105,"date":"2016-03-16T08:55:03","date_gmt":"2016-03-16T08:55:03","guid":{"rendered":"https:\/\/demos.famethemes.com\/passionate\/?page_id=105"},"modified":"2021-02-03T18:18:08","modified_gmt":"2021-02-03T18:18:08","slug":"contact-us","status":"publish","type":"page","link":"https:\/\/dynamicconsulting.com.br\/empresa\/contact-us\/","title":{"rendered":"Contato"},"content":{"rendered":"<p>Estamos sempre a disposi\u00e7\u00e3o para d\u00favidas. Se preferir, agende uma visita e conhe\u00e7a nosso escrit\u00f3rio.<\/p>\n<p>Fone: (91) 3276-8772<\/p>\n<p class=\"icone3\">Email: <a href=\"mailto:mmfaria@dynamicconsulting.com.br\">mmfaria@dynamicconsulting.com.br\u00a0<\/a><\/p>\n<p>Travessa Dr. En\u00e9as Pinheiro, 1315 &#8211; Marco<br \/>\u00a0(entre Av. Jo\u00e3o Paulo II e Av. Alm. Barroso)<\/p>\n<p><strong><span style=\"color: #333399;\">Obs: Empresa anexa ao curso de idioma KNN (Mesmo pr\u00e9dio \/ recep\u00e7\u00e3o)<\/span><\/strong><\/p>\n<p>Bel\u00e9m\/Par\u00e1 &#8211; CEP 66095-105<\/p>\n<p>\u00a0<\/p>\n\n\n<iframe loading=\"lazy\" src=\"https:\/\/www.google.com\/maps\/embed?pb=!1m14!1m8!1m3!1d15954.280142454794!2d-48.455345!3d-1.4332740000000002!3m2!1i1024!2i768!4f13.1!3m3!1m2!1s0x0%3A0xa41c012360858543!2sDynamic%20Consulting!5e0!3m2!1spt-PT!2sus!4v1578659873746!5m2!1spt-PT!2sus\" width=\"600\" height=\"450\" frameborder=\"0\" style=\"border:0;\" allowfullscreen=\"\"><\/iframe>\n\n\n\n<p><\/p>\n","protected":false},"excerpt":{"rendered":"<p>Estamos sempre a disposi\u00e7\u00e3o para d\u00favidas. Se preferir, agende uma visita e conhe\u00e7a nosso escrit\u00f3rio. Fone: (91) 3276-8772 Email: mmfaria@dynamicconsulting.com.br\u00a0 Travessa Dr. En\u00e9as Pinheiro, 1315 &#8211; Marco\u00a0(entre Av. Jo\u00e3o Paulo II e Av. Alm. Barroso) Obs: Empresa anexa ao curso de idioma KNN (Mesmo pr\u00e9dio \/ recep\u00e7\u00e3o) Bel\u00e9m\/Par\u00e1 &#8211; CEP 66095-105 \u00a0<\/p>\n","protected":false},"author":3,"featured_media":0,"parent":0,"menu_order":0,"comment_status":"closed","ping_status":"closed","template":"","meta":[],"_links":{"self":[{"href":"https:\/\/dynamicconsulting.com.br\/empresa\/wp-json\/wp\/v2\/pages\/105"}],"collection":[{"href":"https:\/\/dynamicconsulting.com.br\/empresa\/wp-json\/wp\/v2\/pages"}],"about":[{"href":"https:\/\/dynamicconsulting.com.br\/empresa\/wp-json\/wp\/v2\/types\/page"}],"author":[{"embeddable":true,"href":"https:\/\/dynamicconsulting.com.br\/empresa\/wp-json\/wp\/v2\/users\/3"}],"replies":[{"embeddable":true,"href":"https:\/\/dynamicconsulting.com.br\/empresa\/wp-json\/wp\/v2\/comments?post=105"}],"version-history":[{"count":13,"href":"https:\/\/dynamicconsulting.com.br\/empresa\/wp-json\/wp\/v2\/pages\/105\/revisions"}],"predecessor-version":[{"id":538,"href":"https:\/\/dynamicconsulting.com.br\/empresa\/wp-json\/wp\/v2\/pages\/105\/revisions\/538"}],"wp:attachment":[{"href":"https:\/\/dynamicconsulting.com.br\/empresa\/wp-json\/wp\/v2\/media?parent=105"}],"curies":[{"name":"wp","href":"https:\/\/api.w.org\/{rel}","templated":true}]}}